{"id":8400,"date":"2023-12-13T09:18:18","date_gmt":"2023-12-13T09:18:18","guid":{"rendered":"https:\/\/www.studioreginamariapia.it\/?page_id=8400"},"modified":"2024-01-30T14:26:08","modified_gmt":"2024-01-30T14:26:08","slug":"chi-siamo","status":"publish","type":"page","link":"https:\/\/www.studioreginamariapia.it\/index.php\/chi-siamo\/","title":{"rendered":"Curriculum"},"content":{"rendered":"\t\t<div data-elementor-type=\"wp-page\" data-elementor-id=\"8400\" class=\"elementor elementor-8400\" data-elementor-post-type=\"page\">\n\t\t\t\t<div class=\"elementor-element elementor-element-79951895 e-flex e-con-boxed e-con e-parent\" data-id=\"79951895\" data-element_type=\"container\" data-settings=\"{&quot;background_background&quot;:&quot;classic&quot;}\">\n\t\t\t\t\t<div class=\"e-con-inner\">\n\t\t\t\t<div class=\"elementor-element elementor-element-44a0d1f4 elementor-widget elementor-widget-spacer\" data-id=\"44a0d1f4\" data-element_type=\"widget\" data-widget_type=\"spacer.default\">\n\t\t\t\t<div class=\"elementor-widget-container\">\n\t\t\t\t\t\t\t<div class=\"elementor-spacer\">\n\t\t\t<div class=\"elementor-spacer-inner\"><\/div>\n\t\t<\/div>\n\t\t\t\t\t\t<\/div>\n\t\t\t\t<\/div>\n\t\t\t\t<div class=\"elementor-element elementor-element-134d0a1 elementor-widget elementor-widget-spacer\" data-id=\"134d0a1\" data-element_type=\"widget\" data-widget_type=\"spacer.default\">\n\t\t\t\t<div class=\"elementor-widget-container\">\n\t\t\t\t\t\t\t<div class=\"elementor-spacer\">\n\t\t\t<div class=\"elementor-spacer-inner\"><\/div>\n\t\t<\/div>\n\t\t\t\t\t\t<\/div>\n\t\t\t\t<\/div>\n\t\t\t\t\t<\/div>\n\t\t\t\t<\/div>\n\t\t<div class=\"elementor-element elementor-element-1ab86920 e-flex e-con-boxed e-con e-parent\" data-id=\"1ab86920\" data-element_type=\"container\">\n\t\t\t\t\t<div class=\"e-con-inner\">\n\t\t<div class=\"elementor-element elementor-element-3723e56b e-con-full e-flex e-con e-child\" data-id=\"3723e56b\" data-element_type=\"container\">\n\t\t\t\t<div class=\"elementor-element elementor-element-65bb18c9 elementor-widget elementor-widget-text-editor\" data-id=\"65bb18c9\" data-element_type=\"widget\" data-widget_type=\"text-editor.default\">\n\t\t\t\t<div class=\"elementor-widget-container\">\n\t\t\t\t\t\t\t\t\t<p><strong>DOTT. RANIERO FACCHINI<\/strong><\/p>\t\t\t\t\t\t\t\t<\/div>\n\t\t\t\t<\/div>\n\t\t<div class=\"elementor-element elementor-element-c909993 e-flex e-con-boxed e-con e-child\" data-id=\"c909993\" data-element_type=\"container\">\n\t\t\t\t\t<div class=\"e-con-inner\">\n\t\t\t\t<div class=\"elementor-element elementor-element-4a7fe80 elementor-widget__width-initial elementor-widget elementor-widget-image\" data-id=\"4a7fe80\" data-element_type=\"widget\" data-widget_type=\"image.default\">\n\t\t\t\t<div class=\"elementor-widget-container\">\n\t\t\t\t\t\t\t\t\t\t\t\t\t\t\t<img fetchpriority=\"high\" decoding=\"async\" width=\"682\" height=\"1024\" src=\"https:\/\/www.studioreginamariapia.it\/wp-content\/uploads\/2023\/12\/raniero-facchini-682x1024.jpeg\" class=\"attachment-large size-large wp-image-9114\" alt=\"\" srcset=\"https:\/\/www.studioreginamariapia.it\/wp-content\/uploads\/2023\/12\/raniero-facchini-682x1024.jpeg 682w, https:\/\/www.studioreginamariapia.it\/wp-content\/uploads\/2023\/12\/raniero-facchini-200x300.jpeg 200w, https:\/\/www.studioreginamariapia.it\/wp-content\/uploads\/2023\/12\/raniero-facchini-768x1153.jpeg 768w, https:\/\/www.studioreginamariapia.it\/wp-content\/uploads\/2023\/12\/raniero-facchini-1023x1536.jpeg 1023w, https:\/\/www.studioreginamariapia.it\/wp-content\/uploads\/2023\/12\/raniero-facchini-600x901.jpeg 600w, https:\/\/www.studioreginamariapia.it\/wp-content\/uploads\/2023\/12\/raniero-facchini.jpeg 1066w\" sizes=\"(max-width: 682px) 100vw, 682px\" \/>\t\t\t\t\t\t\t\t\t\t\t\t\t\t\t<\/div>\n\t\t\t\t<\/div>\n\t\t\t\t<div class=\"elementor-element elementor-element-dddc0ce elementor-widget elementor-widget-text-editor\" data-id=\"dddc0ce\" data-element_type=\"widget\" data-widget_type=\"text-editor.default\">\n\t\t\t\t<div class=\"elementor-widget-container\">\n\t\t\t\t\t\t\t\t\t<h6>Curriculum:<\/h6><ul><li>Laurea all\u2019Universit\u00e0 di Medicina e Chirurgia di Firenze nel 2005.<br \/><i><\/i>\u00a0Specializzazione in Chirurgia dell\u2019Apparato Digerente ed Endoscopia<\/li><li>Digestiva presso l\u2019Universit\u00e0 la Sapienza di Roma.<\/li><li>Master in Nutrizione clinica presso l\u2019Istituto di alta formazione (IAF) di Roma.<\/li><li>Esperienze formative in Medicina e Chirurgia nelle Universit\u00e0 di:<br \/>Malaga, Valencia, Londra, L\u2019Avana (Cuba), Parigi.<\/li><li>Direttore generale dell\u2019associazione Vita&amp;Salute per la progettazione e promozione di programmi di medicina preventiva.<\/li><li>Responsabile medico del progetto New Start (prevenzione e cura delle malattie con lo stile di vita) dal 2005.<\/li><li>Membro ARTOI (Associazione Ricerca Terapie Oncologiche Integrate).<\/li><\/ul><div><h6 style=\"margin-top: 0.5em; font-family: Jost, sans-serif; letter-spacing: 0.3px;\">Specialista in:<\/h6><ul><li>Chirurgia dell\u2019Apparato Digerente ed Endoscopia Digestiva<\/li><li>Nutrizione Clinica<\/li><li>Medicina Estetica e del Benessere<\/li><li>Oncologia Integrata<\/li><\/ul><\/div>\t\t\t\t\t\t\t\t<\/div>\n\t\t\t\t<\/div>\n\t\t\t\t\t<\/div>\n\t\t\t\t<\/div>\n\t\t\t\t<div class=\"elementor-element elementor-element-9bc9487 elementor-widget-divider--view-line elementor-widget elementor-widget-divider\" data-id=\"9bc9487\" data-element_type=\"widget\" data-widget_type=\"divider.default\">\n\t\t\t\t<div class=\"elementor-widget-container\">\n\t\t\t\t\t\t\t<div class=\"elementor-divider\">\n\t\t\t<span class=\"elementor-divider-separator\">\n\t\t\t\t\t\t<\/span>\n\t\t<\/div>\n\t\t\t\t\t\t<\/div>\n\t\t\t\t<\/div>\n\t\t\t\t<div class=\"elementor-element elementor-element-00c1ac4 elementor-widget elementor-widget-text-editor\" data-id=\"00c1ac4\" data-element_type=\"widget\" data-widget_type=\"text-editor.default\">\n\t\t\t\t<div class=\"elementor-widget-container\">\n\t\t\t\t\t\t\t\t\t<p><strong>DOTT.SSA ARIANNA FACCHINI<\/strong><\/p>\t\t\t\t\t\t\t\t<\/div>\n\t\t\t\t<\/div>\n\t\t<div class=\"elementor-element elementor-element-d5c1616 e-flex e-con-boxed e-con e-child\" data-id=\"d5c1616\" data-element_type=\"container\">\n\t\t\t\t\t<div class=\"e-con-inner\">\n\t\t\t\t<div class=\"elementor-element elementor-element-b255af5 elementor-widget__width-initial elementor-widget elementor-widget-image\" data-id=\"b255af5\" data-element_type=\"widget\" data-widget_type=\"image.default\">\n\t\t\t\t<div class=\"elementor-widget-container\">\n\t\t\t\t\t\t\t\t\t\t\t\t\t\t\t<img decoding=\"async\" width=\"682\" height=\"1024\" src=\"https:\/\/www.studioreginamariapia.it\/wp-content\/uploads\/2024\/01\/arianna-facchini-682x1024.jpg\" class=\"attachment-large size-large wp-image-10494\" alt=\"\" srcset=\"https:\/\/www.studioreginamariapia.it\/wp-content\/uploads\/2024\/01\/arianna-facchini-682x1024.jpg 682w, https:\/\/www.studioreginamariapia.it\/wp-content\/uploads\/2024\/01\/arianna-facchini-200x300.jpg 200w, https:\/\/www.studioreginamariapia.it\/wp-content\/uploads\/2024\/01\/arianna-facchini-768x1153.jpg 768w, https:\/\/www.studioreginamariapia.it\/wp-content\/uploads\/2024\/01\/arianna-facchini-1023x1536.jpg 1023w, https:\/\/www.studioreginamariapia.it\/wp-content\/uploads\/2024\/01\/arianna-facchini-600x901.jpg 600w, https:\/\/www.studioreginamariapia.it\/wp-content\/uploads\/2024\/01\/arianna-facchini.jpg 1066w\" sizes=\"(max-width: 682px) 100vw, 682px\" \/>\t\t\t\t\t\t\t\t\t\t\t\t\t\t\t<\/div>\n\t\t\t\t<\/div>\n\t\t\t\t<div class=\"elementor-element elementor-element-7e87ec3 elementor-widget elementor-widget-text-editor\" data-id=\"7e87ec3\" data-element_type=\"widget\" data-widget_type=\"text-editor.default\">\n\t\t\t\t<div class=\"elementor-widget-container\">\n\t\t\t\t\t\t\t\t\t<h6>Curriculum:<\/h6><ul><li>Laurea nel 2010 presso la \u201cSapienza\u201d, Universit\u00e0 di Roma e si \u00e8 specializzata in chirurgia maxillo-facciale nel 2017 presso la stessa universit\u00e0.<\/li><li>Dopo esperienze formative internazionali come quella presso lo Sloan Kettering Memorial Cancer Center di New York, ha lavorato due anni all\u2019H\u00f4pital Necker-Enfants Malades di Parigi dove si \u00e8 concentrata sulla ricostruzione facciale nelle sindromi malformative in et\u00e0 pediatrica..<\/li><li>Ha conseguito inoltre il diploma di anatomia chirurgica cervico-facciale presso il Centre du Don des Corps di Parigi.<\/li><li>Al momento continua ad ampliare le sue conoscenze tramite la Scuola di Medicina Estetica presso la Fondazione Fatebenefratelli di Roma.<\/li><\/ul><h6>Specialista in:<\/h6><ul><li><p>Chirurgia Maxillo-Facciale<\/p><\/li><li><p><span style=\"font-family: var(--global-body-font-family); letter-spacing: 0.3px;\">Medicina Estetica<\/span><\/p><\/li><li><p><span style=\"font-family: var(--global-body-font-family); letter-spacing: 0.3px;\">Terapie Laser<\/span><\/p><\/li><\/ul>\t\t\t\t\t\t\t\t<\/div>\n\t\t\t\t<\/div>\n\t\t\t\t\t<\/div>\n\t\t\t\t<\/div>\n\t\t\t\t<div class=\"elementor-element elementor-element-ae58b49 elementor-widget elementor-widget-spacer\" data-id=\"ae58b49\" data-element_type=\"widget\" data-widget_type=\"spacer.default\">\n\t\t\t\t<div class=\"elementor-widget-container\">\n\t\t\t\t\t\t\t<div class=\"elementor-spacer\">\n\t\t\t<div class=\"elementor-spacer-inner\"><\/div>\n\t\t<\/div>\n\t\t\t\t\t\t<\/div>\n\t\t\t\t<\/div>\n\t\t\t\t<\/div>\n\t\t<div class=\"elementor-element elementor-element-3d8425a8 e-con-full e-flex e-con e-child\" data-id=\"3d8425a8\" data-element_type=\"container\">\n\t\t\t\t<div class=\"elementor-element elementor-element-6dea6ef5 elementor-widget elementor-widget-text-editor\" data-id=\"6dea6ef5\" data-element_type=\"widget\" data-widget_type=\"text-editor.default\">\n\t\t\t\t<div class=\"elementor-widget-container\">\n\t\t\t\t\t\t\t\t\t<p><strong>INFORMAZIONI<\/strong><\/p>\t\t\t\t\t\t\t\t<\/div>\n\t\t\t\t<\/div>\n\t\t\t\t<div class=\"elementor-element elementor-element-695f5ff elementor-nav-menu__text-align-aside elementor-widget elementor-widget-nav-menu\" data-id=\"695f5ff\" data-element_type=\"widget\" data-settings=\"{&quot;layout&quot;:&quot;dropdown&quot;,&quot;submenu_icon&quot;:{&quot;value&quot;:&quot;&lt;svg class=\\&quot;e-font-icon-svg e-fas-caret-down\\&quot; viewBox=\\&quot;0 0 320 512\\&quot; xmlns=\\&quot;http:\\\/\\\/www.w3.org\\\/2000\\\/svg\\&quot;&gt;&lt;path d=\\&quot;M31.3 192h257.3c17.8 0 26.7 21.5 14.1 34.1L174.1 354.8c-7.8 7.8-20.5 7.8-28.3 0L17.2 226.1C4.6 213.5 13.5 192 31.3 192z\\&quot;&gt;&lt;\\\/path&gt;&lt;\\\/svg&gt;&quot;,&quot;library&quot;:&quot;fa-solid&quot;}}\" data-widget_type=\"nav-menu.default\">\n\t\t\t\t<div class=\"elementor-widget-container\">\n\t\t\t\t\t\t\t\t<nav class=\"elementor-nav-menu--dropdown elementor-nav-menu__container\" aria-hidden=\"true\">\n\t\t\t\t<ul id=\"menu-2-695f5ff\" class=\"elementor-nav-menu\"><li class=\"menu-item menu-item-type-custom menu-item-object-custom menu-item-has-children menu-item-8572\"><a class=\"elementor-item\" tabindex=\"-1\">Chirurgia estetica viso<\/a>\n<ul class=\"sub-menu elementor-nav-menu--dropdown\">\n\t<li class=\"menu-item menu-item-type-post_type menu-item-object-page menu-item-8573\"><a href=\"https:\/\/www.studioreginamariapia.it\/index.php\/rinoplastica-roma\/\" class=\"elementor-sub-item\" tabindex=\"-1\">Rinoplastica<\/a><\/li>\n\t<li class=\"menu-item menu-item-type-post_type menu-item-object-page menu-item-8574\"><a href=\"https:\/\/www.studioreginamariapia.it\/index.php\/lifting-roma-ostia\/\" class=\"elementor-sub-item\" tabindex=\"-1\">Lifting del volto<\/a><\/li>\n\t<li class=\"menu-item menu-item-type-post_type menu-item-object-page menu-item-8575\"><a href=\"https:\/\/www.studioreginamariapia.it\/index.php\/blefaroplastica-roma\/\" class=\"elementor-sub-item\" tabindex=\"-1\">Blefaroplastica<\/a><\/li>\n\t<li class=\"menu-item menu-item-type-post_type menu-item-object-page menu-item-8576\"><a href=\"https:\/\/www.studioreginamariapia.it\/index.php\/otoplastica-roma-ostia\/\" class=\"elementor-sub-item\" tabindex=\"-1\">Otoplastica<\/a><\/li>\n\t<li class=\"menu-item menu-item-type-post_type menu-item-object-page menu-item-8577\"><a href=\"https:\/\/www.studioreginamariapia.it\/index.php\/lipofilling-roma-ostia\/\" class=\"elementor-sub-item\" tabindex=\"-1\">Lipofilling del viso<\/a><\/li>\n<\/ul>\n<\/li>\n<li class=\"menu-item menu-item-type-custom menu-item-object-custom menu-item-has-children menu-item-8578\"><a href=\"#\" class=\"elementor-item elementor-item-anchor\" tabindex=\"-1\">Chirurgia estetica seno<\/a>\n<ul class=\"sub-menu elementor-nav-menu--dropdown\">\n\t<li class=\"menu-item menu-item-type-post_type menu-item-object-page menu-item-8579\"><a href=\"https:\/\/www.studioreginamariapia.it\/index.php\/mastoplastica-additiva-roma\/\" class=\"elementor-sub-item\" tabindex=\"-1\">Mastoplastica addittiva<\/a><\/li>\n\t<li class=\"menu-item menu-item-type-post_type menu-item-object-page menu-item-8580\"><a href=\"https:\/\/www.studioreginamariapia.it\/index.php\/mastoplastica-riduttiva-roma\/\" class=\"elementor-sub-item\" tabindex=\"-1\">Mastoplastica riduttiva<\/a><\/li>\n\t<li class=\"menu-item menu-item-type-post_type menu-item-object-page menu-item-8581\"><a href=\"https:\/\/www.studioreginamariapia.it\/index.php\/mastopessi-roma\/\" class=\"elementor-sub-item\" tabindex=\"-1\">Mastopessi<\/a><\/li>\n\t<li class=\"menu-item menu-item-type-post_type menu-item-object-page menu-item-8582\"><a href=\"https:\/\/www.studioreginamariapia.it\/index.php\/lipofilling-del-seno-roma-ostia\/\" class=\"elementor-sub-item\" tabindex=\"-1\">Lipofilling del seno<\/a><\/li>\n\t<li class=\"menu-item menu-item-type-post_type menu-item-object-page menu-item-8583\"><a href=\"https:\/\/www.studioreginamariapia.it\/index.php\/ginecomastia-uomo-roma-ostia\/\" class=\"elementor-sub-item\" tabindex=\"-1\">Ginecomastia<\/a><\/li>\n<\/ul>\n<\/li>\n<li class=\"menu-item menu-item-type-custom menu-item-object-custom menu-item-has-children menu-item-8584\"><a href=\"#\" class=\"elementor-item elementor-item-anchor\" tabindex=\"-1\">Chirurgia estetica corpo<\/a>\n<ul class=\"sub-menu elementor-nav-menu--dropdown\">\n\t<li class=\"menu-item menu-item-type-post_type menu-item-object-page menu-item-8585\"><a href=\"https:\/\/www.studioreginamariapia.it\/index.php\/addominoplastica-roma-ostia\/\" class=\"elementor-sub-item\" tabindex=\"-1\">Addominoplastica<\/a><\/li>\n\t<li class=\"menu-item menu-item-type-post_type menu-item-object-page menu-item-8586\"><a href=\"https:\/\/www.studioreginamariapia.it\/index.php\/liposuzione-e-liposcultura-roma-ostia\/\" class=\"elementor-sub-item\" tabindex=\"-1\">Liposuzione e Liposcultura<\/a><\/li>\n\t<li class=\"menu-item menu-item-type-post_type menu-item-object-page menu-item-8587\"><a href=\"https:\/\/www.studioreginamariapia.it\/index.php\/lifting-braccia-roma-ostia\/\" class=\"elementor-sub-item\" tabindex=\"-1\">Lifting delle braccia<\/a><\/li>\n\t<li class=\"menu-item menu-item-type-post_type menu-item-object-page menu-item-8588\"><a href=\"https:\/\/www.studioreginamariapia.it\/index.php\/lipofilling-del-corpo-roma-ostia\/\" class=\"elementor-sub-item\" tabindex=\"-1\">Lipofilling del corpo<\/a><\/li>\n<\/ul>\n<\/li>\n<li class=\"menu-item menu-item-type-custom menu-item-object-custom menu-item-has-children menu-item-8589\"><a href=\"#\" class=\"elementor-item elementor-item-anchor\" tabindex=\"-1\">Intimo donna<\/a>\n<ul class=\"sub-menu elementor-nav-menu--dropdown\">\n\t<li class=\"menu-item menu-item-type-post_type menu-item-object-page menu-item-8590\"><a href=\"https:\/\/www.studioreginamariapia.it\/index.php\/labioplastica-roma-ostia\/\" class=\"elementor-sub-item\" tabindex=\"-1\">Labiaplastica<\/a><\/li>\n\t<li class=\"menu-item menu-item-type-post_type menu-item-object-page menu-item-8591\"><a href=\"https:\/\/www.studioreginamariapia.it\/index.php\/trattamenti-biorivitalizzanti-laserprp\/\" class=\"elementor-sub-item\" tabindex=\"-1\">Trattamenti biorivitalizzanti laser \u2013 PRP<\/a><\/li>\n<\/ul>\n<\/li>\n<\/ul>\t\t\t<\/nav>\n\t\t\t\t\t\t<\/div>\n\t\t\t\t<\/div>\n\t\t\t\t<div class=\"elementor-element elementor-element-24435e2a elementor-align-justify elementor-widget elementor-widget-button\" data-id=\"24435e2a\" data-element_type=\"widget\" data-widget_type=\"button.default\">\n\t\t\t\t<div class=\"elementor-widget-container\">\n\t\t\t\t\t\t\t\t\t<div class=\"elementor-button-wrapper\">\n\t\t\t\t\t<a class=\"elementor-button elementor-button-link elementor-size-sm\" href=\"tel:+390656304297\">\n\t\t\t\t\t\t<span class=\"elementor-button-content-wrapper\">\n\t\t\t\t\t\t<span class=\"elementor-button-icon\">\n\t\t\t\t<svg aria-hidden=\"true\" class=\"e-font-icon-svg e-fas-phone-square-alt\" viewBox=\"0 0 448 512\" xmlns=\"http:\/\/www.w3.org\/2000\/svg\"><path d=\"M400 32H48A48 48 0 0 0 0 80v352a48 48 0 0 0 48 48h352a48 48 0 0 0 48-48V80a48 48 0 0 0-48-48zm-16.39 307.37l-15 65A15 15 0 0 1 354 416C194 416 64 286.29 64 126a15.7 15.7 0 0 1 11.63-14.61l65-15A18.23 18.23 0 0 1 144 96a16.27 16.27 0 0 1 13.79 9.09l30 70A17.9 17.9 0 0 1 189 181a17 17 0 0 1-5.5 11.61l-37.89 31a231.91 231.91 0 0 0 110.78 110.78l31-37.89A17 17 0 0 1 299 291a17.85 17.85 0 0 1 5.91 1.21l70 30A16.25 16.25 0 0 1 384 336a17.41 17.41 0 0 1-.39 3.37z\"><\/path><\/svg>\t\t\t<\/span>\n\t\t\t\t\t\t\t\t\t<span class=\"elementor-button-text\">Info: +39 06 56 30 4297<\/span>\n\t\t\t\t\t<\/span>\n\t\t\t\t\t<\/a>\n\t\t\t\t<\/div>\n\t\t\t\t\t\t\t\t<\/div>\n\t\t\t\t<\/div>\n\t\t\t\t<div class=\"elementor-element elementor-element-413ef7d9 elementor-align-justify elementor-widget elementor-widget-button\" data-id=\"413ef7d9\" data-element_type=\"widget\" data-widget_type=\"button.default\">\n\t\t\t\t<div class=\"elementor-widget-container\">\n\t\t\t\t\t\t\t\t\t<div class=\"elementor-button-wrapper\">\n\t\t\t\t\t<a class=\"elementor-button elementor-button-link elementor-size-sm\" href=\"https:\/\/www.studioreginamariapia.it\/index.php\/contatti\/\">\n\t\t\t\t\t\t<span class=\"elementor-button-content-wrapper\">\n\t\t\t\t\t\t<span class=\"elementor-button-icon\">\n\t\t\t\t<svg aria-hidden=\"true\" class=\"e-font-icon-svg e-fas-envelope\" viewBox=\"0 0 512 512\" xmlns=\"http:\/\/www.w3.org\/2000\/svg\"><path d=\"M502.3 190.8c3.9-3.1 9.7-.2 9.7 4.7V400c0 26.5-21.5 48-48 48H48c-26.5 0-48-21.5-48-48V195.6c0-5 5.7-7.8 9.7-4.7 22.4 17.4 52.1 39.5 154.1 113.6 21.1 15.4 56.7 47.8 92.2 47.6 35.7.3 72-32.8 92.3-47.6 102-74.1 131.6-96.3 154-113.7zM256 320c23.2.4 56.6-29.2 73.4-41.4 132.7-96.3 142.8-104.7 173.4-128.7 5.8-4.5 9.2-11.5 9.2-18.9v-19c0-26.5-21.5-48-48-48H48C21.5 64 0 85.5 0 112v19c0 7.4 3.4 14.3 9.2 18.9 30.6 23.9 40.7 32.4 173.4 128.7 16.8 12.2 50.2 41.8 73.4 41.4z\"><\/path><\/svg>\t\t\t<\/span>\n\t\t\t\t\t\t\t\t\t<span class=\"elementor-button-text\">ulteriori informazoni<\/span>\n\t\t\t\t\t<\/span>\n\t\t\t\t\t<\/a>\n\t\t\t\t<\/div>\n\t\t\t\t\t\t\t\t<\/div>\n\t\t\t\t<\/div>\n\t\t\t\t<div class=\"elementor-element elementor-element-244a2512 elementor-search-form--skin-classic elementor-search-form--button-type-icon elementor-search-form--icon-search elementor-widget elementor-widget-search-form\" data-id=\"244a2512\" data-element_type=\"widget\" data-settings=\"{&quot;skin&quot;:&quot;classic&quot;}\" data-widget_type=\"search-form.default\">\n\t\t\t\t<div class=\"elementor-widget-container\">\n\t\t\t\t\t\t\t<search role=\"search\">\n\t\t\t<form class=\"elementor-search-form\" action=\"https:\/\/www.studioreginamariapia.it\" method=\"get\">\n\t\t\t\t\t\t\t\t\t\t\t\t<div class=\"elementor-search-form__container\">\n\t\t\t\t\t<label class=\"elementor-screen-only\" for=\"elementor-search-form-244a2512\">Cerca<\/label>\n\n\t\t\t\t\t\n\t\t\t\t\t<input id=\"elementor-search-form-244a2512\" placeholder=\"Cerca...\" class=\"elementor-search-form__input\" type=\"search\" name=\"s\" value=\"\">\n\t\t\t\t\t\n\t\t\t\t\t\t\t\t\t\t\t<button class=\"elementor-search-form__submit\" type=\"submit\" aria-label=\"Cerca\">\n\t\t\t\t\t\t\t\t\t\t\t\t\t\t\t<div class=\"e-font-icon-svg-container\"><svg class=\"fa fa-search e-font-icon-svg e-fas-search\" viewBox=\"0 0 512 512\" xmlns=\"http:\/\/www.w3.org\/2000\/svg\"><path d=\"M505 442.7L405.3 343c-4.5-4.5-10.6-7-17-7H372c27.6-35.3 44-79.7 44-128C416 93.1 322.9 0 208 0S0 93.1 0 208s93.1 208 208 208c48.3 0 92.7-16.4 128-44v16.3c0 6.4 2.5 12.5 7 17l99.7 99.7c9.4 9.4 24.6 9.4 33.9 0l28.3-28.3c9.4-9.4 9.4-24.6.1-34zM208 336c-70.7 0-128-57.2-128-128 0-70.7 57.2-128 128-128 70.7 0 128 57.2 128 128 0 70.7-57.2 128-128 128z\"><\/path><\/svg><\/div>\t\t\t\t\t\t\t\t\t\t\t\t\t<\/button>\n\t\t\t\t\t\n\t\t\t\t\t\t\t\t\t<\/div>\n\t\t\t<\/form>\n\t\t<\/search>\n\t\t\t\t\t\t<\/div>\n\t\t\t\t<\/div>\n\t\t\t\t<\/div>\n\t\t\t\t\t<\/div>\n\t\t\t\t<\/div>\n\t\t\t\t<\/div>\n\t\t","protected":false},"excerpt":{"rendered":"<p>DOTT. RANIERO FACCHINI Curriculum: Laurea all\u2019Universit\u00e0 di Medicina e Chirurgia di Firenze nel 2005.\u00a0Specializzazione in Chirurgia dell\u2019Apparato Digerente ed Endoscopia Digestiva presso l\u2019Universit\u00e0 la Sapienza di Roma. Master in Nutrizione clinica presso l\u2019Istituto di alta formazione (IAF) di Roma. Esperienze formative in Medicina e Chirurgia nelle Universit\u00e0 di:Malaga, Valencia, Londra, L\u2019Avana (Cuba), Parigi. Direttore generale&#8230;<\/p>\n","protected":false},"author":1,"featured_media":0,"parent":0,"menu_order":0,"comment_status":"closed","ping_status":"closed","template":"","meta":{"_base_post_transparent":"","_base_post_title":"hide","_base_post_layout":"fullwidth","_base_post_sidebar_id":"","_base_post_content_style":"unboxed","_base_post_vertical_padding":"hide","_base_post_feature":"hide","_base_post_feature_position":"","_base_post_header":false,"_base_post_footer":false,"footnotes":""},"class_list":["post-8400","page","type-page","status-publish","hentry"],"_links":{"self":[{"href":"https:\/\/www.studioreginamariapia.it\/index.php\/wp-json\/wp\/v2\/pages\/8400","targetHints":{"allow":["GET"]}}],"collection":[{"href":"https:\/\/www.studioreginamariapia.it\/index.php\/wp-json\/wp\/v2\/pages"}],"about":[{"href":"https:\/\/www.studioreginamariapia.it\/index.php\/wp-json\/wp\/v2\/types\/page"}],"author":[{"embeddable":true,"href":"https:\/\/www.studioreginamariapia.it\/index.php\/wp-json\/wp\/v2\/users\/1"}],"replies":[{"embeddable":true,"href":"https:\/\/www.studioreginamariapia.it\/index.php\/wp-json\/wp\/v2\/comments?post=8400"}],"version-history":[{"count":22,"href":"https:\/\/www.studioreginamariapia.it\/index.php\/wp-json\/wp\/v2\/pages\/8400\/revisions"}],"predecessor-version":[{"id":10497,"href":"https:\/\/www.studioreginamariapia.it\/index.php\/wp-json\/wp\/v2\/pages\/8400\/revisions\/10497"}],"wp:attachment":[{"href":"https:\/\/www.studioreginamariapia.it\/index.php\/wp-json\/wp\/v2\/media?parent=8400"}],"curies":[{"name":"wp","href":"https:\/\/api.w.org\/{rel}","templated":true}]}}