{"id":8373,"date":"2023-12-13T09:14:38","date_gmt":"2023-12-13T09:14:38","guid":{"rendered":"https:\/\/www.studioreginamariapia.it\/?page_id=8373"},"modified":"2023-12-15T09:48:23","modified_gmt":"2023-12-15T09:48:23","slug":"mastoplastica-riduttiva-roma","status":"publish","type":"page","link":"https:\/\/www.studioreginamariapia.it\/index.php\/mastoplastica-riduttiva-roma\/","title":{"rendered":"Mastoplastica riduttiva"},"content":{"rendered":"\t\t<div data-elementor-type=\"wp-page\" data-elementor-id=\"8373\" class=\"elementor elementor-8373\" data-elementor-post-type=\"page\">\n\t\t\t\t<div class=\"elementor-element elementor-element-c0d2f57 e-flex e-con-boxed e-con e-parent\" data-id=\"c0d2f57\" data-element_type=\"container\" data-settings=\"{&quot;background_background&quot;:&quot;classic&quot;}\">\n\t\t\t\t\t<div class=\"e-con-inner\">\n\t\t\t\t<div class=\"elementor-element elementor-element-45bbbdc2 elementor-widget elementor-widget-spacer\" data-id=\"45bbbdc2\" data-element_type=\"widget\" data-widget_type=\"spacer.default\">\n\t\t\t\t<div class=\"elementor-widget-container\">\n\t\t\t\t\t\t\t<div class=\"elementor-spacer\">\n\t\t\t<div class=\"elementor-spacer-inner\"><\/div>\n\t\t<\/div>\n\t\t\t\t\t\t<\/div>\n\t\t\t\t<\/div>\n\t\t\t\t<div class=\"elementor-element elementor-element-4aa2ef2f elementor-widget elementor-widget-spacer\" data-id=\"4aa2ef2f\" data-element_type=\"widget\" data-widget_type=\"spacer.default\">\n\t\t\t\t<div class=\"elementor-widget-container\">\n\t\t\t\t\t\t\t<div class=\"elementor-spacer\">\n\t\t\t<div class=\"elementor-spacer-inner\"><\/div>\n\t\t<\/div>\n\t\t\t\t\t\t<\/div>\n\t\t\t\t<\/div>\n\t\t\t\t\t<\/div>\n\t\t\t\t<\/div>\n\t\t<div class=\"elementor-element elementor-element-6e8e0ea5 e-flex e-con-boxed e-con e-parent\" data-id=\"6e8e0ea5\" data-element_type=\"container\">\n\t\t\t\t\t<div class=\"e-con-inner\">\n\t\t<div class=\"elementor-element elementor-element-4730df90 e-con-full e-flex e-con e-child\" data-id=\"4730df90\" data-element_type=\"container\">\n\t\t\t\t<div class=\"elementor-element elementor-element-69c949e2 elementor-widget elementor-widget-text-editor\" data-id=\"69c949e2\" data-element_type=\"widget\" data-widget_type=\"text-editor.default\">\n\t\t\t\t<div class=\"elementor-widget-container\">\n\t\t\t\t\t\t\t\t\t<p><strong>DESCRIZIONE<\/strong><\/p>\t\t\t\t\t\t\t\t<\/div>\n\t\t\t\t<\/div>\n\t\t\t\t<div class=\"elementor-element elementor-element-13e09d72 elementor-widget elementor-widget-text-editor\" data-id=\"13e09d72\" data-element_type=\"widget\" data-widget_type=\"text-editor.default\">\n\t\t\t\t<div class=\"elementor-widget-container\">\n\t\t\t\t\t\t\t\t\t<p>La&nbsp;<strong>mastoplastica riduttiva<\/strong>, pi\u00f9 comunemente nota come chirurgia di riduzione del volume del seno, \u00e8 un intervento di chirurgia plastica-estetica che consente di&nbsp;<strong>modificare la forma e le dimensioni di un seno troppo grande e cadente<\/strong>&nbsp;o di&nbsp;<strong>correggere un\u2019asimmetria mammaria<\/strong>, migliorando l\u2019armonia del corpo e il proprio senso di autostima. Un seno troppo ingombrante non crea solo problemi a livello estetico, ma pu\u00f2 essere anche causa di disturbi a carico della colonna vertebrale, per il peso delle mammelle, di dolore nella regione mammaria, di problemi a livello respiratorio, di ulcerazione nella piega sottomammaria e in corrispondenza delle spalline del reggiseno. Problemi psicologici e sociali che possono condizionare la donna nella vita quotidiana e\/o nell\u2019attivit\u00e0 sportiva e sessuale.<\/p>\n<h6>Qual\u2019\u00e8 l\u2019et\u00e0 consigliata per l\u2019intervento?<\/h6>\n<p>Non esistono limiti di et\u00e0 per sottoporsi a questo tipo di intervento, ma \u00e8 preferibile attendere il completo sviluppo del seno che avviene generalmente intorno alla maggiore et\u00e0.<\/p>\n<h6>Prescrizioni prima dell\u2019intervento<\/h6>\n<p>Per sottoporsi ad un intervento di mastoplastica riduttiva bisogna essere in buone condizioni fisiche. Evitate di assumere aspirina, antinfiammatori, farmaci contenenti acido acetilsalicilico per 2 settimane prima e 2 settimane dopo l\u2019intervento (questi farmaci riducono la capacita di coagulazione del sangue e facilitano il sanguinamento) e, se fumate, riducete la quantit\u00e0 di sigarette (vari studi scientifici hanno dimostrato che l\u2019incidenza delle complicanze \u00e8 circa 10 volte superiore nei pazienti fumatori, dal momento che il fumo ostacola la microcircolazione e aumenta il rischio di infezione).<\/p>\n<h6>Valutazione pre-operatoria<\/h6>\n<p>La mastoplastica riduttiva \u00e8 un intervento molto personalizzato che, come tale, necessita di un\u2019accurata visita specialistica.\u2028Durante la prima visita il chirurgo dovr\u00e0 valutare la forma e le dimensioni del seno, dell\u2019areola e del capezzolo e illustrarvi le possibili modificazioni di forma e di volume che la pi\u00f9 moderna tecnica chirurgica mette a disposizione per il vostro caso.\u2028Il medico deve aver ben chiare quali siano le vostre aspettative, cercando il giusto compromesso tra ci\u00f2 che desiderate e ci\u00f2 che \u00e8 realmente ottenibile. Il chirurgo dovr\u00e0 inoltre valutare le vostre condizioni di salute per escludere alterazioni (quali pressione alta, problemi di coagulazione o di cicatrizzazione) che potrebbero influire sul risultato finale dell\u2019intervento.<\/p>\n<h6>Come sar\u00e0 la fase post operatoria?<\/h6>\n<p>Terminato l\u2019intervento, sul seno viene applicata una medicazione di sostegno, poi sostituita da un reggiseno contenitivo, che deve essere indossato notte e giorno per 3 mesi. I drenaggi vengono in genere rimossi dopo 1-2 giorni, mentre i punti di sutura dopo una settimana. Nell\u2019immediato post-operatorio potrete percepire un certo intorpidimento del seno, gonfiore e stanchezza; per i primi 15 giorni evitate sforzi eccessivi, saune, bagni turchi e l\u2019esposizione alla luce solare diretta. A tre settimane dall\u2019intervento potrete gradualmente riprendere le vostre normali attivit\u00e0.<\/p>\n<h6>Le cicatrici saranno visibili?<\/h6>\n<p>Per la riduzione del seno con la mastoplastica riduttiva si possono praticare 3 diversi tipi di incisione: <\/p>\n<ul>\n<li><b>Incisione periareolare <\/b>(cio\u00e8 intorno al capezzolo, indicata per piccole riduzioni).<\/li>\n<li><b>Incisione periareolare verticale<\/b> (cio\u00e8 sia intorno all\u2019areola sia verticalmente fino al solco sottomammario, indicata per riduzioni di seni di medie dimensioni).&nbsp;<\/li>\n<li><b>Incisione periareolare, verticale ed orizzontale <\/b>(cio\u00e8 a forma di una T rovesciata, indicata per seni molto abbondanti e cadenti).<\/li>\n<\/ul>\n<p>Le cicatrici sono permanenti, ma restano comunque nascoste dal reggiseno.<\/p>\t\t\t\t\t\t\t\t<\/div>\n\t\t\t\t<\/div>\n\t\t\t\t<\/div>\n\t\t<div class=\"elementor-element elementor-element-628d7375 e-con-full e-flex e-con e-child\" data-id=\"628d7375\" data-element_type=\"container\">\n\t\t\t\t<div class=\"elementor-element elementor-element-bfef772 elementor-widget elementor-widget-text-editor\" data-id=\"bfef772\" data-element_type=\"widget\" data-widget_type=\"text-editor.default\">\n\t\t\t\t<div class=\"elementor-widget-container\">\n\t\t\t\t\t\t\t\t\t<p><strong>INFORMAZIONI<\/strong><\/p>\t\t\t\t\t\t\t\t<\/div>\n\t\t\t\t<\/div>\n\t\t\t\t<div class=\"elementor-element elementor-element-43270467 elementor-position-left elementor-vertical-align-middle elementor-view-default elementor-mobile-position-top elementor-widget elementor-widget-icon-box\" data-id=\"43270467\" data-element_type=\"widget\" data-widget_type=\"icon-box.default\">\n\t\t\t\t<div class=\"elementor-widget-container\">\n\t\t\t\t\t\t\t<div class=\"elementor-icon-box-wrapper\">\n\n\t\t\t\t\t\t<div class=\"elementor-icon-box-icon\">\n\t\t\t\t<span  class=\"elementor-icon\">\n\t\t\t\t<svg aria-hidden=\"true\" class=\"e-font-icon-svg e-fas-clock\" viewBox=\"0 0 512 512\" xmlns=\"http:\/\/www.w3.org\/2000\/svg\"><path d=\"M256,8C119,8,8,119,8,256S119,504,256,504,504,393,504,256,393,8,256,8Zm92.49,313h0l-20,25a16,16,0,0,1-22.49,2.5h0l-67-49.72a40,40,0,0,1-15-31.23V112a16,16,0,0,1,16-16h32a16,16,0,0,1,16,16V256l58,42.5A16,16,0,0,1,348.49,321Z\"><\/path><\/svg>\t\t\t\t<\/span>\n\t\t\t<\/div>\n\t\t\t\n\t\t\t\t\t\t<div class=\"elementor-icon-box-content\">\n\n\t\t\t\t\t\t\t\t\t<h6 class=\"elementor-icon-box-title\">\n\t\t\t\t\t\t<span  >\n\t\t\t\t\t\t\tDurata intervento\t\t\t\t\t\t<\/span>\n\t\t\t\t\t<\/h6>\n\t\t\t\t\n\t\t\t\t\t\t\t\t\t<p class=\"elementor-icon-box-description\">\n\t\t\t\t\t\t1-3 ore\t\t\t\t\t<\/p>\n\t\t\t\t\n\t\t\t<\/div>\n\t\t\t\n\t\t<\/div>\n\t\t\t\t\t\t<\/div>\n\t\t\t\t<\/div>\n\t\t\t\t<div class=\"elementor-element elementor-element-42f9e342 elementor-position-left elementor-vertical-align-middle elementor-view-default elementor-mobile-position-top elementor-widget elementor-widget-icon-box\" data-id=\"42f9e342\" data-element_type=\"widget\" data-widget_type=\"icon-box.default\">\n\t\t\t\t<div class=\"elementor-widget-container\">\n\t\t\t\t\t\t\t<div class=\"elementor-icon-box-wrapper\">\n\n\t\t\t\t\t\t<div class=\"elementor-icon-box-icon\">\n\t\t\t\t<span  class=\"elementor-icon\">\n\t\t\t\t<svg aria-hidden=\"true\" class=\"e-font-icon-svg e-fas-flask\" viewBox=\"0 0 448 512\" xmlns=\"http:\/\/www.w3.org\/2000\/svg\"><path d=\"M437.2 403.5L320 215V64h8c13.3 0 24-10.7 24-24V24c0-13.3-10.7-24-24-24H120c-13.3 0-24 10.7-24 24v16c0 13.3 10.7 24 24 24h8v151L10.8 403.5C-18.5 450.6 15.3 512 70.9 512h306.2c55.7 0 89.4-61.5 60.1-108.5zM137.9 320l48.2-77.6c3.7-5.2 5.8-11.6 5.8-18.4V64h64v160c0 6.9 2.2 13.2 5.8 18.4l48.2 77.6h-172z\"><\/path><\/svg>\t\t\t\t<\/span>\n\t\t\t<\/div>\n\t\t\t\n\t\t\t\t\t\t<div class=\"elementor-icon-box-content\">\n\n\t\t\t\t\t\t\t\t\t<h6 class=\"elementor-icon-box-title\">\n\t\t\t\t\t\t<span  >\n\t\t\t\t\t\t\tTipo di anestesia\t\t\t\t\t\t<\/span>\n\t\t\t\t\t<\/h6>\n\t\t\t\t\n\t\t\t\t\t\t\t\t\t<p class=\"elementor-icon-box-description\">\n\t\t\t\t\t\tAnestesia generale\t\t\t\t\t<\/p>\n\t\t\t\t\n\t\t\t<\/div>\n\t\t\t\n\t\t<\/div>\n\t\t\t\t\t\t<\/div>\n\t\t\t\t<\/div>\n\t\t\t\t<div class=\"elementor-element elementor-element-25d3ea57 elementor-position-left elementor-vertical-align-middle elementor-view-default elementor-mobile-position-top elementor-widget elementor-widget-icon-box\" data-id=\"25d3ea57\" data-element_type=\"widget\" data-widget_type=\"icon-box.default\">\n\t\t\t\t<div class=\"elementor-widget-container\">\n\t\t\t\t\t\t\t<div class=\"elementor-icon-box-wrapper\">\n\n\t\t\t\t\t\t<div class=\"elementor-icon-box-icon\">\n\t\t\t\t<span  class=\"elementor-icon\">\n\t\t\t\t<svg aria-hidden=\"true\" class=\"e-font-icon-svg e-fas-folder-open\" viewBox=\"0 0 576 512\" xmlns=\"http:\/\/www.w3.org\/2000\/svg\"><path d=\"M572.694 292.093L500.27 416.248A63.997 63.997 0 0 1 444.989 448H45.025c-18.523 0-30.064-20.093-20.731-36.093l72.424-124.155A64 64 0 0 1 152 256h399.964c18.523 0 30.064 20.093 20.73 36.093zM152 224h328v-48c0-26.51-21.49-48-48-48H272l-64-64H48C21.49 64 0 85.49 0 112v278.046l69.077-118.418C86.214 242.25 117.989 224 152 224z\"><\/path><\/svg>\t\t\t\t<\/span>\n\t\t\t<\/div>\n\t\t\t\n\t\t\t\t\t\t<div class=\"elementor-icon-box-content\">\n\n\t\t\t\t\t\t\t\t\t<h6 class=\"elementor-icon-box-title\">\n\t\t\t\t\t\t<span  >\n\t\t\t\t\t\t\tDiagnostica\t\t\t\t\t\t<\/span>\n\t\t\t\t\t<\/h6>\n\t\t\t\t\n\t\t\t\t\t\t\t\t\t<p class=\"elementor-icon-box-description\">\n\t\t\t\t\t\tEsami ematochimici<br>\nElettrocardiogramma\t\t\t\t\t<\/p>\n\t\t\t\t\n\t\t\t<\/div>\n\t\t\t\n\t\t<\/div>\n\t\t\t\t\t\t<\/div>\n\t\t\t\t<\/div>\n\t\t\t\t<div class=\"elementor-element elementor-element-56d418e3 elementor-position-left elementor-vertical-align-middle elementor-view-default elementor-mobile-position-top elementor-widget elementor-widget-icon-box\" data-id=\"56d418e3\" data-element_type=\"widget\" data-widget_type=\"icon-box.default\">\n\t\t\t\t<div class=\"elementor-widget-container\">\n\t\t\t\t\t\t\t<div class=\"elementor-icon-box-wrapper\">\n\n\t\t\t\t\t\t<div class=\"elementor-icon-box-icon\">\n\t\t\t\t<span  class=\"elementor-icon\">\n\t\t\t\t<svg aria-hidden=\"true\" class=\"e-font-icon-svg e-fas-home\" viewBox=\"0 0 576 512\" xmlns=\"http:\/\/www.w3.org\/2000\/svg\"><path d=\"M280.37 148.26L96 300.11V464a16 16 0 0 0 16 16l112.06-.29a16 16 0 0 0 15.92-16V368a16 16 0 0 1 16-16h64a16 16 0 0 1 16 16v95.64a16 16 0 0 0 16 16.05L464 480a16 16 0 0 0 16-16V300L295.67 148.26a12.19 12.19 0 0 0-15.3 0zM571.6 251.47L488 182.56V44.05a12 12 0 0 0-12-12h-56a12 12 0 0 0-12 12v72.61L318.47 43a48 48 0 0 0-61 0L4.34 251.47a12 12 0 0 0-1.6 16.9l25.5 31A12 12 0 0 0 45.15 301l235.22-193.74a12.19 12.19 0 0 1 15.3 0L530.9 301a12 12 0 0 0 16.9-1.6l25.5-31a12 12 0 0 0-1.7-16.93z\"><\/path><\/svg>\t\t\t\t<\/span>\n\t\t\t<\/div>\n\t\t\t\n\t\t\t\t\t\t<div class=\"elementor-icon-box-content\">\n\n\t\t\t\t\t\t\t\t\t<h6 class=\"elementor-icon-box-title\">\n\t\t\t\t\t\t<span  >\n\t\t\t\t\t\t\tDimissioni\t\t\t\t\t\t<\/span>\n\t\t\t\t\t<\/h6>\n\t\t\t\t\n\t\t\t\t\t\t\t\t\t<p class=\"elementor-icon-box-description\">\n\t\t\t\t\t\t1-2 notti di ricovero in clinica (qualora si tratti di piccoli rimodellamenti in regime di day-hospital)\t\t\t\t\t<\/p>\n\t\t\t\t\n\t\t\t<\/div>\n\t\t\t\n\t\t<\/div>\n\t\t\t\t\t\t<\/div>\n\t\t\t\t<\/div>\n\t\t\t\t<div class=\"elementor-element elementor-element-fa47af8 elementor-align-justify elementor-widget elementor-widget-button\" data-id=\"fa47af8\" data-element_type=\"widget\" data-widget_type=\"button.default\">\n\t\t\t\t<div class=\"elementor-widget-container\">\n\t\t\t\t\t\t\t\t\t<div class=\"elementor-button-wrapper\">\n\t\t\t\t\t<a class=\"elementor-button elementor-button-link elementor-size-sm\" href=\"tel:+390656304297\">\n\t\t\t\t\t\t<span class=\"elementor-button-content-wrapper\">\n\t\t\t\t\t\t<span class=\"elementor-button-icon\">\n\t\t\t\t<svg aria-hidden=\"true\" class=\"e-font-icon-svg e-fas-phone-square-alt\" viewBox=\"0 0 448 512\" xmlns=\"http:\/\/www.w3.org\/2000\/svg\"><path d=\"M400 32H48A48 48 0 0 0 0 80v352a48 48 0 0 0 48 48h352a48 48 0 0 0 48-48V80a48 48 0 0 0-48-48zm-16.39 307.37l-15 65A15 15 0 0 1 354 416C194 416 64 286.29 64 126a15.7 15.7 0 0 1 11.63-14.61l65-15A18.23 18.23 0 0 1 144 96a16.27 16.27 0 0 1 13.79 9.09l30 70A17.9 17.9 0 0 1 189 181a17 17 0 0 1-5.5 11.61l-37.89 31a231.91 231.91 0 0 0 110.78 110.78l31-37.89A17 17 0 0 1 299 291a17.85 17.85 0 0 1 5.91 1.21l70 30A16.25 16.25 0 0 1 384 336a17.41 17.41 0 0 1-.39 3.37z\"><\/path><\/svg>\t\t\t<\/span>\n\t\t\t\t\t\t\t\t\t<span class=\"elementor-button-text\">Info: +39 06 56 30 4297<\/span>\n\t\t\t\t\t<\/span>\n\t\t\t\t\t<\/a>\n\t\t\t\t<\/div>\n\t\t\t\t\t\t\t\t<\/div>\n\t\t\t\t<\/div>\n\t\t\t\t<div class=\"elementor-element elementor-element-2d841813 elementor-align-justify elementor-widget elementor-widget-button\" data-id=\"2d841813\" data-element_type=\"widget\" data-widget_type=\"button.default\">\n\t\t\t\t<div class=\"elementor-widget-container\">\n\t\t\t\t\t\t\t\t\t<div class=\"elementor-button-wrapper\">\n\t\t\t\t\t<a class=\"elementor-button elementor-button-link elementor-size-sm\" href=\"https:\/\/www.studioreginamariapia.it\/index.php\/contatti\/\">\n\t\t\t\t\t\t<span class=\"elementor-button-content-wrapper\">\n\t\t\t\t\t\t<span class=\"elementor-button-icon\">\n\t\t\t\t<svg aria-hidden=\"true\" class=\"e-font-icon-svg e-fas-envelope\" viewBox=\"0 0 512 512\" xmlns=\"http:\/\/www.w3.org\/2000\/svg\"><path d=\"M502.3 190.8c3.9-3.1 9.7-.2 9.7 4.7V400c0 26.5-21.5 48-48 48H48c-26.5 0-48-21.5-48-48V195.6c0-5 5.7-7.8 9.7-4.7 22.4 17.4 52.1 39.5 154.1 113.6 21.1 15.4 56.7 47.8 92.2 47.6 35.7.3 72-32.8 92.3-47.6 102-74.1 131.6-96.3 154-113.7zM256 320c23.2.4 56.6-29.2 73.4-41.4 132.7-96.3 142.8-104.7 173.4-128.7 5.8-4.5 9.2-11.5 9.2-18.9v-19c0-26.5-21.5-48-48-48H48C21.5 64 0 85.5 0 112v19c0 7.4 3.4 14.3 9.2 18.9 30.6 23.9 40.7 32.4 173.4 128.7 16.8 12.2 50.2 41.8 73.4 41.4z\"><\/path><\/svg>\t\t\t<\/span>\n\t\t\t\t\t\t\t\t\t<span class=\"elementor-button-text\">ulteriori informazoni<\/span>\n\t\t\t\t\t<\/span>\n\t\t\t\t\t<\/a>\n\t\t\t\t<\/div>\n\t\t\t\t\t\t\t\t<\/div>\n\t\t\t\t<\/div>\n\t\t\t\t<div class=\"elementor-element elementor-element-3e9eb649 elementor-search-form--skin-classic elementor-search-form--button-type-icon elementor-search-form--icon-search elementor-widget elementor-widget-search-form\" data-id=\"3e9eb649\" data-element_type=\"widget\" data-settings=\"{&quot;skin&quot;:&quot;classic&quot;}\" data-widget_type=\"search-form.default\">\n\t\t\t\t<div class=\"elementor-widget-container\">\n\t\t\t\t\t\t\t<search role=\"search\">\n\t\t\t<form class=\"elementor-search-form\" action=\"https:\/\/www.studioreginamariapia.it\" method=\"get\">\n\t\t\t\t\t\t\t\t\t\t\t\t<div class=\"elementor-search-form__container\">\n\t\t\t\t\t<label class=\"elementor-screen-only\" for=\"elementor-search-form-3e9eb649\">Cerca<\/label>\n\n\t\t\t\t\t\n\t\t\t\t\t<input id=\"elementor-search-form-3e9eb649\" placeholder=\"Cerca...\" class=\"elementor-search-form__input\" type=\"search\" name=\"s\" value=\"\">\n\t\t\t\t\t\n\t\t\t\t\t\t\t\t\t\t\t<button class=\"elementor-search-form__submit\" type=\"submit\" aria-label=\"Cerca\">\n\t\t\t\t\t\t\t\t\t\t\t\t\t\t\t<div class=\"e-font-icon-svg-container\"><svg class=\"fa fa-search e-font-icon-svg e-fas-search\" viewBox=\"0 0 512 512\" xmlns=\"http:\/\/www.w3.org\/2000\/svg\"><path d=\"M505 442.7L405.3 343c-4.5-4.5-10.6-7-17-7H372c27.6-35.3 44-79.7 44-128C416 93.1 322.9 0 208 0S0 93.1 0 208s93.1 208 208 208c48.3 0 92.7-16.4 128-44v16.3c0 6.4 2.5 12.5 7 17l99.7 99.7c9.4 9.4 24.6 9.4 33.9 0l28.3-28.3c9.4-9.4 9.4-24.6.1-34zM208 336c-70.7 0-128-57.2-128-128 0-70.7 57.2-128 128-128 70.7 0 128 57.2 128 128 0 70.7-57.2 128-128 128z\"><\/path><\/svg><\/div>\t\t\t\t\t\t\t\t\t\t\t\t\t<\/button>\n\t\t\t\t\t\n\t\t\t\t\t\t\t\t\t<\/div>\n\t\t\t<\/form>\n\t\t<\/search>\n\t\t\t\t\t\t<\/div>\n\t\t\t\t<\/div>\n\t\t\t\t<\/div>\n\t\t\t\t\t<\/div>\n\t\t\t\t<\/div>\n\t\t\t\t<\/div>\n\t\t","protected":false},"excerpt":{"rendered":"<p>DESCRIZIONE La&nbsp;mastoplastica riduttiva, pi\u00f9 comunemente nota come chirurgia di riduzione del volume del seno, \u00e8 un intervento di chirurgia plastica-estetica che consente di&nbsp;modificare la forma e le dimensioni di un seno troppo grande e cadente&nbsp;o di&nbsp;correggere un\u2019asimmetria mammaria, migliorando l\u2019armonia del corpo e il proprio senso di autostima. Un seno troppo ingombrante non crea solo&#8230;<\/p>\n","protected":false},"author":1,"featured_media":0,"parent":0,"menu_order":0,"comment_status":"closed","ping_status":"closed","template":"","meta":{"_base_post_transparent":"","_base_post_title":"hide","_base_post_layout":"fullwidth","_base_post_sidebar_id":"","_base_post_content_style":"unboxed","_base_post_vertical_padding":"hide","_base_post_feature":"hide","_base_post_feature_position":"","_base_post_header":false,"_base_post_footer":false,"footnotes":""},"class_list":["post-8373","page","type-page","status-publish","hentry"],"_links":{"self":[{"href":"https:\/\/www.studioreginamariapia.it\/index.php\/wp-json\/wp\/v2\/pages\/8373","targetHints":{"allow":["GET"]}}],"collection":[{"href":"https:\/\/www.studioreginamariapia.it\/index.php\/wp-json\/wp\/v2\/pages"}],"about":[{"href":"https:\/\/www.studioreginamariapia.it\/index.php\/wp-json\/wp\/v2\/types\/page"}],"author":[{"embeddable":true,"href":"https:\/\/www.studioreginamariapia.it\/index.php\/wp-json\/wp\/v2\/users\/1"}],"replies":[{"embeddable":true,"href":"https:\/\/www.studioreginamariapia.it\/index.php\/wp-json\/wp\/v2\/comments?post=8373"}],"version-history":[{"count":10,"href":"https:\/\/www.studioreginamariapia.it\/index.php\/wp-json\/wp\/v2\/pages\/8373\/revisions"}],"predecessor-version":[{"id":9020,"href":"https:\/\/www.studioreginamariapia.it\/index.php\/wp-json\/wp\/v2\/pages\/8373\/revisions\/9020"}],"wp:attachment":[{"href":"https:\/\/www.studioreginamariapia.it\/index.php\/wp-json\/wp\/v2\/media?parent=8373"}],"curies":[{"name":"wp","href":"https:\/\/api.w.org\/{rel}","templated":true}]}}